{"id":11,"date":"2011-07-19T00:00:27","date_gmt":"2011-07-19T00:00:27","guid":{"rendered":"http:\/\/localhost\/myphp\/Stamm%20Webseite\/PHASE%2001\/?page_id=11"},"modified":"2011-08-22T10:19:16","modified_gmt":"2011-08-22T08:19:16","slug":"tatigkeitsfelder","status":"publish","type":"page","link":"http:\/\/stamm-planungsgruppe.com\/?page_id=11","title":{"rendered":"T\u00e4tigkeitsfelder"},"content":{"rendered":"<div class=\"wpcolumn-wrapper wpcolumn-wrapper-2\">\n<div class=\"wpcolumn wpcolumn-1 wpcolumn-first\">\n<h2><\/h2>\n<h2>Beratung<\/h2>\n<p>Vorstudie<br \/>\nMarketingstudie<br \/>\nWirtschaftlichkeitsanalyse<br \/>\nKunstkonzepte<\/p>\n<p>&nbsp;<\/p>\n<p>&nbsp;<\/p>\n<h2>Entwurf<\/h2>\n<p>Entwurfsplanung<br \/>\nAusf\u00fchrungs-Planung<br \/>\nBeratung und Unterst\u00fczung bei Verhandlung mit Beh\u00f6rden, Investoren und Betreibern<br \/>\nIntegration von Fachplanern<br \/>\nLichtplanung<br \/>\nAussengestaltung<\/p><\/div>\n<div class=\"wpcolumn wpcolumn-2 wpcolumn-last\">\n<h2><\/h2>\n<h2>Realisierung<\/h2>\n<p>Projektmanagement<br \/>\nAusschreibungen<br \/>\nMitwirkung bei Vergaben<br \/>\nBau\u00fcberwachung<br \/>\nK\u00fcnstlerische Oberleitung<br \/>\nKostenkontrolle<br \/>\nTerminkontrolle<br \/>\n\u00dcbernahme als Generalunternehmer<\/p>\n<p>&nbsp;<\/p>\n<p>&nbsp;<\/p>\n<h2>Projektabschluss<\/h2>\n<p>Abnahmen<br \/>\n\u00dcbergabe<br \/>\nSchl\u00fcsselfertige \u00dcbergabe<br \/>\nDokumentation<\/p><\/div>\n<div class=\"wpcolumn-clearfix\"><\/div>\n<\/div>\n","protected":false},"excerpt":{"rendered":"<p>Beratung Vorstudie Marketingstudie Wirtschaftlichkeitsanalyse Kunstkonzepte &nbsp; &nbsp; Entwurf Entwurfsplanung Ausf\u00fchrungs-Planung Beratung und Unterst\u00fczung bei Verhandlung mit Beh\u00f6rden, Investoren und Betreibern Integration von Fachplanern Lichtplanung Aussengestaltung Realisierung Projektmanagement Ausschreibungen Mitwirkung bei Vergaben Bau\u00fcberwachung K\u00fcnstlerische Oberleitung Kostenkontrolle Terminkontrolle \u00dcbernahme als Generalunternehmer &nbsp; &nbsp; Projektabschluss Abnahmen \u00dcbergabe Schl\u00fcsselfertige \u00dcbergabe Dokumentation<\/p>\n","protected":false},"author":1,"featured_media":0,"parent":5,"menu_order":2,"comment_status":"closed","ping_status":"open","template":"","meta":[],"_links":{"self":[{"href":"http:\/\/stamm-planungsgruppe.com\/index.php?rest_route=\/wp\/v2\/pages\/11"}],"collection":[{"href":"http:\/\/stamm-planungsgruppe.com\/index.php?rest_route=\/wp\/v2\/pages"}],"about":[{"href":"http:\/\/stamm-planungsgruppe.com\/index.php?rest_route=\/wp\/v2\/types\/page"}],"author":[{"embeddable":true,"href":"http:\/\/stamm-planungsgruppe.com\/index.php?rest_route=\/wp\/v2\/users\/1"}],"replies":[{"embeddable":true,"href":"http:\/\/stamm-planungsgruppe.com\/index.php?rest_route=%2Fwp%2Fv2%2Fcomments&post=11"}],"version-history":[{"count":30,"href":"http:\/\/stamm-planungsgruppe.com\/index.php?rest_route=\/wp\/v2\/pages\/11\/revisions"}],"predecessor-version":[{"id":1482,"href":"http:\/\/stamm-planungsgruppe.com\/index.php?rest_route=\/wp\/v2\/pages\/11\/revisions\/1482"}],"up":[{"embeddable":true,"href":"http:\/\/stamm-planungsgruppe.com\/index.php?rest_route=\/wp\/v2\/pages\/5"}],"wp:attachment":[{"href":"http:\/\/stamm-planungsgruppe.com\/index.php?rest_route=%2Fwp%2Fv2%2Fmedia&parent=11"}],"curies":[{"name":"wp","href":"https:\/\/api.w.org\/{rel}","templated":true}]}}