{"id":21,"date":"2011-07-19T00:02:12","date_gmt":"2011-07-19T00:02:12","guid":{"rendered":"http:\/\/localhost\/myphp\/Stamm%20Webseite\/PHASE%2001\/?page_id=21"},"modified":"2011-09-20T19:27:13","modified_gmt":"2011-09-20T17:27:13","slug":"impressum","status":"publish","type":"page","link":"http:\/\/stamm-planungsgruppe.com\/?page_id=21","title":{"rendered":"Impressum"},"content":{"rendered":"<p>STAMM PLANUNGSGRUPPE GMBH<br \/>\nNeumarkter Str. 81<br \/>\n81673 M\u00fcnchen<br \/>\nPhone: +49 89 43 57 65-0<br \/>\nFax: +49 89 43 57 65-65<br \/>\nEmail: <a href=\"mailto:mail@stamm-planungsgruppe.de\">mail@stamm-planungsgruppe.de<\/a><\/p>\n<p>&nbsp;<\/p>\n<p>Gesch\u00e4ftsf\u00fchrender Gesellschafter: Heino Stamm<br \/>\nRegistergericht: Amtsgericht M\u00fcnchen, HRB 150 253<br \/>\nUSt-Id.Nr.: DE 232 212 766<\/p>\n<p>&nbsp;<\/p>\n<p>KONZEPT, DESIGN &amp; PROGRAMMIERUNG<br \/>\nform 2d, B\u00fcro f\u00fcr Kommunikation &amp; Gestaltung<br \/>\n<a title=\"form 2d\" href=\"http:\/\/www.form2d.de\" target=\"_blank\">www.form2d.de<\/a><\/p>\n<p>&nbsp;<\/p>\n<p>DISCLAIMER<br \/>\nAlle auf dieser Webseite pr\u00e4sentierten Inhalte (Texte, Fotos, Videos, Animationen etc.) sind urheberrechtlich gesch\u00fctzt und Eigentum der STAMM Planungsgruppe GmbH und d\u00fcrfen ohne schriftliche Genehmigung seitens des Urhebers nicht kopiert, heruntergeladen, ver\u00e4ndert, verkauft oder anderweitig verwendet werden. Das Landgericht Hamburg hat entschieden, da\u00df ein gesetzter Link auf der eigenen Website Mitverantwortung f\u00fcr die Inhalte der gelinkten Website bedeuten kann (Urteil vom 12.05.1998). Das wird verhindert,wenn sich der Inhaber der eigenen Website ausdr\u00fccklich von den Inhalten der andern Seiten distanziert (so das LG). An dieser Stelle m\u00f6chten wir dies tun und uns von den Inhalten s\u00e4mtlicher gelinkten Seiten dieser Homepage distanzieren.<\/p>\n","protected":false},"excerpt":{"rendered":"<p>STAMM PLANUNGSGRUPPE GMBH Neumarkter Str. 81 81673 M\u00fcnchen Phone: +49 89 43 57 65-0 Fax: +49 89 43 57 65-65 Email: mail@stamm-planungsgruppe.de &nbsp; Gesch\u00e4ftsf\u00fchrender Gesellschafter: Heino Stamm Registergericht: Amtsgericht M\u00fcnchen, HRB 150 253 USt-Id.Nr.: DE 232 212 766 &nbsp; KONZEPT, DESIGN &amp; PROGRAMMIERUNG form 2d, B\u00fcro f\u00fcr Kommunikation &amp; Gestaltung www.form2d.de &nbsp; DISCLAIMER Alle auf [&hellip;]<\/p>\n","protected":false},"author":1,"featured_media":0,"parent":0,"menu_order":4,"comment_status":"closed","ping_status":"open","template":"","meta":[],"_links":{"self":[{"href":"http:\/\/stamm-planungsgruppe.com\/index.php?rest_route=\/wp\/v2\/pages\/21"}],"collection":[{"href":"http:\/\/stamm-planungsgruppe.com\/index.php?rest_route=\/wp\/v2\/pages"}],"about":[{"href":"http:\/\/stamm-planungsgruppe.com\/index.php?rest_route=\/wp\/v2\/types\/page"}],"author":[{"embeddable":true,"href":"http:\/\/stamm-planungsgruppe.com\/index.php?rest_route=\/wp\/v2\/users\/1"}],"replies":[{"embeddable":true,"href":"http:\/\/stamm-planungsgruppe.com\/index.php?rest_route=%2Fwp%2Fv2%2Fcomments&post=21"}],"version-history":[{"count":22,"href":"http:\/\/stamm-planungsgruppe.com\/index.php?rest_route=\/wp\/v2\/pages\/21\/revisions"}],"predecessor-version":[{"id":1644,"href":"http:\/\/stamm-planungsgruppe.com\/index.php?rest_route=\/wp\/v2\/pages\/21\/revisions\/1644"}],"wp:attachment":[{"href":"http:\/\/stamm-planungsgruppe.com\/index.php?rest_route=%2Fwp%2Fv2%2Fmedia&parent=21"}],"curies":[{"name":"wp","href":"https:\/\/api.w.org\/{rel}","templated":true}]}}