{"id":9,"date":"2011-07-18T23:59:57","date_gmt":"2011-07-18T23:59:57","guid":{"rendered":"http:\/\/localhost\/myphp\/Stamm%20Webseite\/PHASE%2001\/?page_id=9"},"modified":"2011-09-20T19:26:25","modified_gmt":"2011-09-20T17:26:25","slug":"philosophie","status":"publish","type":"page","link":"http:\/\/stamm-planungsgruppe.com\/?page_id=9","title":{"rendered":"Philosophie"},"content":{"rendered":"<p style=\"text-align: left;\"><a href=\"http:\/\/stamm-planungsgruppe.com\/?attachment_id=133\" rel=\"attachment wp-att-133\"><img loading=\"lazy\" class=\"size-full wp-image-133 alignleft\" title=\"heino_stamm01\" src=\"http:\/\/stamm-planungsgruppe.com\/website\/wp-content\/uploads\/heino_stamm011.jpg\" alt=\"\" width=\"355\" height=\"497\" srcset=\"http:\/\/stamm-planungsgruppe.com\/wp-content\/uploads\/heino_stamm011.jpg 355w, http:\/\/stamm-planungsgruppe.com\/wp-content\/uploads\/heino_stamm011-214x300.jpg 214w\" sizes=\"(max-width: 355px) 100vw, 355px\" \/><\/a>Heino Stamm z\u00e4hlt weit \u00fcber Deutschlands Grenzen hinaus zu den ma\u00dfgeblichen Gestaltern exklusiver Interiors und individueller Wohnkonzepte. F\u00fcr einen anspruchsvollen Kundenkreis entwirft das Allround-Talent im Bereich \u201ePrivates Wohnen\u201c Villen und Appartments an den sch\u00f6nsten Pl\u00e4tzen der Welt.<\/p>\n<p style=\"text-align: left;\">Seit mehr als 20 Jahren ist dem B\u00fcro eine Architekturabteilung angegliedert, die unter anderem Villen, Hotel- und Resort-Projekte plant und realisiert. Somit wird dem Kunden von Architektur \u00fcber Interior Design bis hin zur Landschaftsplanung alles aus einer Hand geboten. Au\u00dfergew\u00f6hnliche L\u00f6sungen und Leistungen sind seit \u00fcber 30 Jahren das Markenzeichen von Heino Stamm. In seinem M\u00fcnchner Hauptsitz besch\u00e4ftigt er Architekten, Innenarchitekten, Designer, Projektmanager sowie die Mitarbeiter, die mit ihrer weltweit agierenden Einkaufsgruppe seine Visionen nach strengen Qualit\u00e4tskriterien umsetzen und die W\u00fcnsche der Kunden realisieren.<\/p>\n<p style=\"text-align: left;\">\u201eMeine Maxime ist, auf die unterschiedlichen Kunden-Pers\u00f6nlichkeiten und deren W\u00fcnsche einzugehen. Wir schaffen auf einer professionellen Ebene ma\u00dfgeschneiderte Konzepte von luxuri\u00f6s-repr\u00e4sentativ bis puristisch-modern.\u201c<\/p>\n<p style=\"text-align: left;\">\n","protected":false},"excerpt":{"rendered":"<p>Heino Stamm z\u00e4hlt weit \u00fcber Deutschlands Grenzen hinaus zu den ma\u00dfgeblichen Gestaltern exklusiver Interiors und individueller Wohnkonzepte. F\u00fcr einen anspruchsvollen Kundenkreis entwirft das Allround-Talent im Bereich \u201ePrivates Wohnen\u201c Villen und Appartments an den sch\u00f6nsten Pl\u00e4tzen der Welt. Seit mehr als 20 Jahren ist dem B\u00fcro eine Architekturabteilung angegliedert, die unter anderem Villen, Hotel- und Resort-Projekte [&hellip;]<\/p>\n","protected":false},"author":1,"featured_media":0,"parent":5,"menu_order":1,"comment_status":"closed","ping_status":"open","template":"","meta":[],"_links":{"self":[{"href":"http:\/\/stamm-planungsgruppe.com\/index.php?rest_route=\/wp\/v2\/pages\/9"}],"collection":[{"href":"http:\/\/stamm-planungsgruppe.com\/index.php?rest_route=\/wp\/v2\/pages"}],"about":[{"href":"http:\/\/stamm-planungsgruppe.com\/index.php?rest_route=\/wp\/v2\/types\/page"}],"author":[{"embeddable":true,"href":"http:\/\/stamm-planungsgruppe.com\/index.php?rest_route=\/wp\/v2\/users\/1"}],"replies":[{"embeddable":true,"href":"http:\/\/stamm-planungsgruppe.com\/index.php?rest_route=%2Fwp%2Fv2%2Fcomments&post=9"}],"version-history":[{"count":59,"href":"http:\/\/stamm-planungsgruppe.com\/index.php?rest_route=\/wp\/v2\/pages\/9\/revisions"}],"predecessor-version":[{"id":1642,"href":"http:\/\/stamm-planungsgruppe.com\/index.php?rest_route=\/wp\/v2\/pages\/9\/revisions\/1642"}],"up":[{"embeddable":true,"href":"http:\/\/stamm-planungsgruppe.com\/index.php?rest_route=\/wp\/v2\/pages\/5"}],"wp:attachment":[{"href":"http:\/\/stamm-planungsgruppe.com\/index.php?rest_route=%2Fwp%2Fv2%2Fmedia&parent=9"}],"curies":[{"name":"wp","href":"https:\/\/api.w.org\/{rel}","templated":true}]}}